{"id":625,"date":"2018-08-30T11:36:50","date_gmt":"2018-08-30T08:36:50","guid":{"rendered":"http:\/\/mountainleader.ro\/activities\/"},"modified":"2019-12-21T08:48:29","modified_gmt":"2019-12-21T06:48:29","slug":"activities","status":"publish","type":"page","link":"https:\/\/mountainleader.ro\/ro\/activities\/","title":{"rendered":"Activit\u0103\u021bi"},"content":{"rendered":"<p>Activit\u0103\u021bile mele includ drume\u021bii montane, cu durata de una sau mai multe zile, \u0219i grade diferite de dificultate. Sunt, de asemenea, calificat ca ghid na\u021bional de turism, astfel \u00eenc\u00e2t v\u0103 pot oferi incursiuni \u00een istoria \u0219i cultura destina\u021biei vizitate.<\/p>\r\n\r\n\r\n\r\n<p>\u00cen mod obi\u0219nuit, v\u0103 ofer o combina\u021bie de activit\u0103\u021bi outdoor, personalizate \u00een acord cu dorin\u021bele dumneavoastr\u0103, astfel \u00eenc\u00e2t s\u0103 v\u0103 bucura\u021bi la maximum de c\u0103l\u0103torie.<\/p>\r\n\r\n\r\n\r\n<p>Pe timpul iernii, explor\u0103m c\u0103r\u0103rile ascunse ale mun\u021bilor, pe rachete de z\u0103pad\u0103. Experien\u021ba este una de neuitat, bucur\u00e2ndu-ne de libertate \u0219i peisajele superbe \u00eembr\u0103cate \u00een alb.<\/p>","protected":false},"excerpt":{"rendered":"<p>My activities are focused on hiking, trekking and backpacking but I am also qualified to offer you sightseeing tours. Usually, there is a combination of outdoor activities, tailored in accordance with your requests to be sure that I will not fail in reaching your expectations. &hellip; <\/p>","protected":false},"author":1,"featured_media":0,"parent":0,"menu_order":0,"comment_status":"closed","ping_status":"closed","template":"templates\/template-activities.php","meta":{"footnotes":""},"class_list":["post-625","page","type-page","status-publish","hentry","latest_post"],"yoast_head":"<!-- This site is optimized with the Yoast SEO plugin v27.3 - https:\/\/yoast.com\/product\/yoast-seo-wordpress\/ -->\n<title>Activities - Romanian Mountain Leader<\/title>\n<meta name=\"robots\" content=\"index, follow, max-snippet:-1, max-image-preview:large, max-video-preview:-1\" \/>\n<link rel=\"canonical\" href=\"https:\/\/mountainleader.ro\/ro\/activities\/\" \/>\n<meta property=\"og:locale\" content=\"ro_RO\" \/>\n<meta property=\"og:type\" content=\"article\" \/>\n<meta property=\"og:title\" content=\"Activities - Romanian Mountain Leader\" \/>\n<meta property=\"og:description\" content=\"My activities are focused on hiking, trekking and backpacking but I am also qualified to offer you sightseeing tours. Usually, there is a combination of outdoor activities, tailored in accordance with your requests to be sure that I will not fail in reaching your expectations. &hellip;\" \/>\n<meta property=\"og:url\" content=\"https:\/\/mountainleader.ro\/ro\/activities\/\" \/>\n<meta property=\"og:site_name\" content=\"Romanian Mountain Leader\" \/>\n<meta property=\"article:publisher\" content=\"https:\/\/www.facebook.com\/RMLGuidedToursNew\" \/>\n<meta property=\"article:modified_time\" content=\"2019-12-21T06:48:29+00:00\" \/>\n<meta property=\"og:image\" content=\"https:\/\/mountainleader.ro\/wp-content\/uploads\/2019\/12\/cropped-rml-02.png\" \/>\n\t<meta property=\"og:image:width\" content=\"300\" \/>\n\t<meta property=\"og:image:height\" content=\"300\" \/>\n\t<meta property=\"og:image:type\" content=\"image\/png\" \/>\n<meta name=\"twitter:card\" content=\"summary_large_image\" \/>\n<meta name=\"twitter:site\" content=\"@RMLGuidedTours\" \/>\n<!-- \/ Yoast SEO plugin. -->","yoast_head_json":{"title":"Activities - Romanian Mountain Leader","robots":{"index":"index","follow":"follow","max-snippet":"max-snippet:-1","max-image-preview":"max-image-preview:large","max-video-preview":"max-video-preview:-1"},"canonical":"https:\/\/mountainleader.ro\/ro\/activities\/","og_locale":"ro_RO","og_type":"article","og_title":"Activities - Romanian Mountain Leader","og_description":"My activities are focused on hiking, trekking and backpacking but I am also qualified to offer you sightseeing tours. Usually, there is a combination of outdoor activities, tailored in accordance with your requests to be sure that I will not fail in reaching your expectations. &hellip;","og_url":"https:\/\/mountainleader.ro\/ro\/activities\/","og_site_name":"Romanian Mountain Leader","article_publisher":"https:\/\/www.facebook.com\/RMLGuidedToursNew","article_modified_time":"2019-12-21T06:48:29+00:00","og_image":[{"width":300,"height":300,"url":"https:\/\/mountainleader.ro\/wp-content\/uploads\/2019\/12\/cropped-rml-02.png","type":"image\/png"}],"twitter_card":"summary_large_image","twitter_site":"@RMLGuidedTours","schema":{"@context":"https:\/\/schema.org","@graph":[{"@type":"WebPage","@id":"https:\/\/mountainleader.ro\/activities\/","url":"https:\/\/mountainleader.ro\/activities\/","name":"Activities - Romanian Mountain Leader","isPartOf":{"@id":"https:\/\/mountainleader.ro\/#website"},"datePublished":"2018-08-30T08:36:50+00:00","dateModified":"2019-12-21T06:48:29+00:00","breadcrumb":{"@id":"https:\/\/mountainleader.ro\/activities\/#breadcrumb"},"inLanguage":"ro-RO","potentialAction":[{"@type":"ReadAction","target":["https:\/\/mountainleader.ro\/activities\/"]}]},{"@type":"BreadcrumbList","@id":"https:\/\/mountainleader.ro\/activities\/#breadcrumb","itemListElement":[{"@type":"ListItem","position":1,"name":"Home","item":"https:\/\/mountainleader.ro\/"},{"@type":"ListItem","position":2,"name":"Activities"}]},{"@type":"WebSite","@id":"https:\/\/mountainleader.ro\/#website","url":"https:\/\/mountainleader.ro\/","name":"RML Guided Tours","description":"Guided tours in Romania and abroad: hiking, sightseeing, via ferrata, snowshoeing!","publisher":{"@id":"https:\/\/mountainleader.ro\/#organization"},"potentialAction":[{"@type":"SearchAction","target":{"@type":"EntryPoint","urlTemplate":"https:\/\/mountainleader.ro\/?s={search_term_string}"},"query-input":{"@type":"PropertyValueSpecification","valueRequired":true,"valueName":"search_term_string"}}],"inLanguage":"ro-RO"},{"@type":"Organization","@id":"https:\/\/mountainleader.ro\/#organization","name":"Bana Florin George PFA","url":"https:\/\/mountainleader.ro\/","logo":{"@type":"ImageObject","inLanguage":"ro-RO","@id":"https:\/\/mountainleader.ro\/#\/schema\/logo\/image\/","url":"https:\/\/mountainleader.ro\/wp-content\/uploads\/2020\/01\/RML-Guided-Tours-scaled.jpg","contentUrl":"https:\/\/mountainleader.ro\/wp-content\/uploads\/2020\/01\/RML-Guided-Tours-scaled.jpg","width":2048,"height":2048,"caption":"Bana Florin George PFA"},"image":{"@id":"https:\/\/mountainleader.ro\/#\/schema\/logo\/image\/"},"sameAs":["https:\/\/www.facebook.com\/RMLGuidedToursNew","https:\/\/x.com\/RMLGuidedTours","https:\/\/www.instagram.com\/rml_guided_tours\/"]}]}},"_links":{"self":[{"href":"https:\/\/mountainleader.ro\/ro\/wp-json\/wp\/v2\/pages\/625","targetHints":{"allow":["GET"]}}],"collection":[{"href":"https:\/\/mountainleader.ro\/ro\/wp-json\/wp\/v2\/pages"}],"about":[{"href":"https:\/\/mountainleader.ro\/ro\/wp-json\/wp\/v2\/types\/page"}],"author":[{"embeddable":true,"href":"https:\/\/mountainleader.ro\/ro\/wp-json\/wp\/v2\/users\/1"}],"replies":[{"embeddable":true,"href":"https:\/\/mountainleader.ro\/ro\/wp-json\/wp\/v2\/comments?post=625"}],"version-history":[{"count":0,"href":"https:\/\/mountainleader.ro\/ro\/wp-json\/wp\/v2\/pages\/625\/revisions"}],"wp:attachment":[{"href":"https:\/\/mountainleader.ro\/ro\/wp-json\/wp\/v2\/media?parent=625"}],"curies":[{"name":"wp","href":"https:\/\/api.w.org\/{rel}","templated":true}]}}