{"id":10,"date":"2018-02-16T15:29:11","date_gmt":"2018-02-16T15:29:11","guid":{"rendered":"http:\/\/mountainleader.ro\/terms-and-conditions\/"},"modified":"2020-06-20T11:45:19","modified_gmt":"2020-06-20T08:45:19","slug":"terms-and-conditions","status":"publish","type":"page","link":"https:\/\/mountainleader.ro\/ro\/terms-and-conditions\/","title":{"rendered":"Termeni \u0219i Condi\u021bii"},"content":{"rendered":"<div id=\"ez-toc-container\" class=\"ez-toc-v2_0_82_2 counter-hierarchy ez-toc-counter ez-toc-grey ez-toc-container-direction\">\n<div class=\"ez-toc-title-container\">\n<p class=\"ez-toc-title\" style=\"cursor:inherit\">Cuprins<\/p>\n<span class=\"ez-toc-title-toggle\"><a href=\"#\" class=\"ez-toc-pull-right ez-toc-btn ez-toc-btn-xs ez-toc-btn-default ez-toc-toggle\" aria-label=\"Toggle Table of Content\"><span class=\"ez-toc-js-icon-con\"><span class=\"\"><span class=\"eztoc-hide\" style=\"display:none;\">Toggle<\/span><span class=\"ez-toc-icon-toggle-span\"><svg style=\"fill: #999;color:#999\" xmlns=\"http:\/\/www.w3.org\/2000\/svg\" class=\"list-377408\" width=\"20px\" height=\"20px\" viewbox=\"0 0 24 24\" fill=\"none\"><path d=\"M6 6H4v2h2V6zm14 0H8v2h12V6zM4 11h2v2H4v-2zm16 0H8v2h12v-2zM4 16h2v2H4v-2zm16 0H8v2h12v-2z\" fill=\"currentColor\"><\/path><\/svg><svg style=\"fill: #999;color:#999\" class=\"arrow-unsorted-368013\" xmlns=\"http:\/\/www.w3.org\/2000\/svg\" width=\"10px\" height=\"10px\" viewbox=\"0 0 24 24\" version=\"1.2\" baseprofile=\"tiny\"><path d=\"M18.2 9.3l-6.2-6.3-6.2 6.3c-.2.2-.3.4-.3.7s.1.5.3.7c.2.2.4.3.7.3h11c.3 0 .5-.1.7-.3.2-.2.3-.5.3-.7s-.1-.5-.3-.7zM5.8 14.7l6.2 6.3 6.2-6.3c.2-.2.3-.5.3-.7s-.1-.5-.3-.7c-.2-.2-.4-.3-.7-.3h-11c-.3 0-.5.1-.7.3-.2.2-.3.5-.3.7s.1.5.3.7z\"\/><\/svg><\/span><\/span><\/span><\/a><\/span><\/div>\n<nav><ul class='ez-toc-list ez-toc-list-level-1' ><li class='ez-toc-page-1 ez-toc-heading-level-3'><a class=\"ez-toc-link ez-toc-heading-1\" href=\"https:\/\/mountainleader.ro\/ro\/terms-and-conditions\/#Booking\" >Rezervarea<\/a><\/li><li class='ez-toc-page-1 ez-toc-heading-level-3'><a class=\"ez-toc-link ez-toc-heading-2\" href=\"https:\/\/mountainleader.ro\/ro\/terms-and-conditions\/#Travel_Insurance\" >Asigurarea de c\u0103l\u0103torie<\/a><\/li><li class='ez-toc-page-1 ez-toc-heading-level-3'><a class=\"ez-toc-link ez-toc-heading-3\" href=\"https:\/\/mountainleader.ro\/ro\/terms-and-conditions\/#The_final_responsibility_is_mine\" >Responsabilitatea final\u0103 \u00eemi apar\u021bine!!!<\/a><\/li><li class='ez-toc-page-1 ez-toc-heading-level-3'><a class=\"ez-toc-link ez-toc-heading-4\" href=\"https:\/\/mountainleader.ro\/ro\/terms-and-conditions\/#Undeclared_ill-health_or_medical_information\" >Afec\u021biunile \u0219i informa\u021biile medicale nedeclarate!!!<\/a><\/li><li class='ez-toc-page-1 ez-toc-heading-level-3'><a class=\"ez-toc-link ez-toc-heading-5\" href=\"https:\/\/mountainleader.ro\/ro\/terms-and-conditions\/#Weather\" >Condi\u021biile meteorologice<\/a><\/li><li class='ez-toc-page-1 ez-toc-heading-level-3'><a class=\"ez-toc-link ez-toc-heading-6\" href=\"https:\/\/mountainleader.ro\/ro\/terms-and-conditions\/#Being_fully_informed_before_you_trek\" >Informa\u021bi-v\u0103 \u00eenaintea particip\u0103rii la eveniment\/tur\u0103\/expedi\u021bie!<\/a><\/li><li class='ez-toc-page-1 ez-toc-heading-level-3'><a class=\"ez-toc-link ez-toc-heading-7\" href=\"https:\/\/mountainleader.ro\/ro\/terms-and-conditions\/#Cancellations\" >Anularea rezerv\u0103rii<\/a><\/li><\/ul><\/nav><\/div>\n<h3><span class=\"ez-toc-section\" id=\"Booking\"><\/span>Rezervarea<span class=\"ez-toc-section-end\"><\/span><\/h3>\n<p>V\u0103 recomand s\u0103 v\u0103 rezerva\u021bi c\u00e2t mai cur\u00e2nd locul la evenimentul\/tura\/expedi\u021bia care v\u0103 intereseaz\u0103, \u00eentruc\u00e2t principiul care se aplic\u0103 este \u201ePrimul venit, primul servit!\u201d.<\/p>\n<p>V\u0103 rog s\u0103 citi\u021bi cu aten\u021bie toate informa\u021biile despre eveniment\/tur\u0103\/expedi\u021bie, inclusiv despre echipamentul necesar, \u0219i face\u021bi o evaluare realist\u0103 a capabilit\u0103\u021bilor dumneavoastr\u0103 fizice \u0219i mentale.<\/p>\n<p><span lang=\"en-us\">Dac\u0103 v\u0103 hot\u0103r\u00e2\u021bi s\u0103 m\u0103 angaja\u021bi, nu trebuie dec\u00e2t s\u0103 ap\u0103sa\u021bi butonul <\/span><a href=\"http:\/\/mountainleader.ro\/ro\/contact-me\/\"> CONTACT <\/a><span lang=\"en-us\">\u00a0pentru a-mi trimite un email sau pentru a m\u0103 suna. V\u0103 promit un r\u0103spuns prompt, \u00een care v\u0103 voi pune la dispozi\u021bie toate informa\u021biile necesare.<\/span><\/p>\n<p><span lang=\"en-us\">Dup\u0103 ce vom intra \u00een leg\u0103tur\u0103, v\u0103 voi solicita c\u00e2teva informa\u021bii referitoare la m\u0103rimea grupului (dac\u0103 este cazul), v\u00e2rsta participan\u021bilor, condi\u021biile de s\u0103n\u0103tate, nivelul preg\u0103tirii fizice, durata vacan\u021bei, bugetul estimat \u0219i modul \u00een care v\u0103 dori\u021bi s\u0103 fie personalizat\u0103 vacan\u021ba dumneavoastr\u0103.<\/span><\/p>\n<p>Plata serviciilor mele va fi f\u0103cut\u0103 dup\u0103 cum urmeaz\u0103: 30% dup\u0103 angajarea ferm\u0103 \u0219i primirea detaliilor necesare, 70% cu minimum 30 de zile lucr\u0103toare \u00eenaintea zilei de \u00eencepere a activit\u0103\u021bii. Pl\u0103\u021bile pot fi f\u0103cute (prin transfer bancar sau <a href=\"https:\/\/www.transfergo.com\/en\" target=\"_blank\" rel=\"noopener noreferrer\">TransferGo<\/a>) \u00een euro sau \u00een lei, la cursul de schimb al B.N.R. din ziua pl\u0103\u021bii ( <a href=\"http:\/\/www.bnro.ro\/Exchange-rates-1224.aspx\">aici<\/a> pute\u021bi verifica cursul de schimb al B.N.R.).<\/p>\n<h3><span class=\"ez-toc-section\" id=\"Travel_Insurance\"><\/span>Asigurarea de c\u0103l\u0103torie<span class=\"ez-toc-section-end\"><\/span><\/h3>\n<p>Incheierea unei asigur\u0103ri de c\u0103l\u0103torie este obligatorie pentru to\u021bi clien\u021bii mei. Aceasta trebuie s\u0103 acopere riscurile specifice activit\u0103\u021bilor de drume\u021bie montan\u0103\/alpinism, evacuarea cu ajutorul elicopterului \u0219i repatrierea.<\/p>\n<h3><span class=\"ez-toc-section\" id=\"The_final_responsibility_is_mine\"><\/span>Responsabilitatea final\u0103 \u00eemi apar\u021bine!!!<span class=\"ez-toc-section-end\"><\/span><\/h3>\n<p>Siguran\u021ba participan\u021bilor la activit\u0103\u021bile\/turele\/expedi\u021biile mele este, \u00eentotdeauna, prioritatea mea num\u0103rul 1.<\/p>\n<p>Cu toate acestea, trebuie s\u0103 ave\u021bi \u00een vedere faptul c\u0103 mediul montan poate fi, de multe ori, imprevizibil. Eu voi incerca permanent s\u0103 iau toate m\u0103surile necesare pentru a asigura siguran\u021ba \u0219i buna dispozi\u021bie a participan\u021bilor. \u00cen ciuda experien\u021bei profesionale a ghidului montan, nu toate evenimentele pot fi prev\u0103zute \u0219i evitate; astfel de evenimente pot prezenta elemente de risc cu efecte dificil de luat \u00een calcul.<\/p>\n<p>Clien\u021bii \u00ee\u0219i rezerv\u0103 locul la eveniment\/tur\u0103\/expedi\u021bie \u00een\u021beleg\u00e2nd c\u0103 responsabilitatea final\u0103 \u00een ceea ce prive\u0219te luarea deciziilor, \u00een numele grupului \u0219i a siguran\u021bei membrilor acestuia, \u00eemi apar\u021bine mie. \u00cen situa\u021bia \u00een care voi considera c\u0103 nivelul preg\u0103tirii fizice, starea de s\u0103n\u0103tate, comportamentul ilegal sau antisocial al unui client pot pune \u00een pericol siguran\u021ba celorlal\u021bi membrii ai echipei, am autoritatea de a-l exclude, \u00een orice moment, \u0219i de a nu-i mai permite continuarea particip\u0103rii. \u00cen aceast\u0103 situa\u021bie, clientul exclus nu are dreptul la nici un fel de compensa\u021bii sau rambursare a banilor.<\/p>\n<h3><span class=\"ez-toc-section\" id=\"Undeclared_ill-health_or_medical_information\"><\/span>Afec\u021biunile \u0219i informa\u021biile medicale nedeclarate!!!<span class=\"ez-toc-section-end\"><\/span><\/h3>\n<p>V\u0103 rog s\u0103 m\u0103 informa\u021bi \u00een momentul rezerv\u0103rii particip\u0103rii la eveniment\/tur\u0103\/expedi\u021bie dac\u0103 ave\u021bi afec\u021biuni medicale care ar putea influen\u021ba participarea dumneavoastr\u0103 sau ar crea o stare de disconfort celorlal\u021bi participan\u021bi.\n\n\u00cen situa\u021bia \u00een care, ca urmare a nedeclar\u0103rii acestor informa\u021bii, buna desf\u0103\u0219urare a evenimentului\/turei\/expedi\u021biei vor fi afectate, exist\u0103 posibilitatea recuper\u0103rii costurilor de la clientul aflat \u00een culp\u0103.<\/p>\n<h3><span class=\"ez-toc-section\" id=\"Weather\"><\/span>Condi\u021biile meteorologice<span class=\"ez-toc-section-end\"><\/span><\/h3>\n<p>Evenimentele\/turele\/expedi\u021biile mele se desf\u0103\u0219oar\u0103 \u00een mediul montan, unde efectele condi\u021biilor meteorologice pot fi severe, chiar \u0219i pe timpul verii.\n\nAcestea pot limita atingerea obiectivelor propuse, av\u00e2nd \u00een vedere faptul c\u0103 siguran\u021ba dumneavoastr\u0103 este cea mai important\u0103. Pot exista situa\u021bii \u00een care s\u0103 nu putem finaliza activitatea sau etapa propus\u0103 ca urmare a condi\u021biilor meteo nefavorabile.<\/p>\n<h3><span class=\"ez-toc-section\" id=\"Being_fully_informed_before_you_trek\"><\/span>Informa\u021bi-v\u0103 \u00eenaintea particip\u0103rii la eveniment\/tur\u0103\/expedi\u021bie!<span class=\"ez-toc-section-end\"><\/span><\/h3>\n<p>\u00cenainte de a v\u0103 rezerva locul la evenimentele\/turele\/expedi\u021biile mele, v\u0103 rog s\u0103 v\u0103 asigura\u021bi de faptul c\u0103 a\u021bi citit \u0219i \u00een\u021beles toate informa\u021biile postate pe website; \u00een situa\u021bia \u00een care ave\u021bi neclarit\u0103\u021bi, \u00eentreb\u0103ri sau observa\u021bii, v\u0103 rog s\u0103 nu ezita\u021bi s\u0103 m\u0103 contacta\u021bi.<\/p>\n<h3><span class=\"ez-toc-section\" id=\"Cancellations\"><\/span>Anularea rezerv\u0103rii<span class=\"ez-toc-section-end\"><\/span><\/h3>\n<p>Dac\u0103 un client decide s\u0103 \u00ee\u0219i anuleze participarea la eveniment\/tur\u0103\/expedi\u021bie, penalit\u0103\u021bile datorate vor fi de:<\/p>\n<p>a) 30% din costul total al serviciilor, indiferent de momentul renun\u021b\u0103rii;<\/p>\n<p>b) 50% din costul total al serviciilor, dac\u0103 anularea este f\u0103cut\u0103 cu 20-30 de zile lucr\u0103toare \u00eenaintea \u00eenceperii activit\u0103\u021bii;<\/p>\n<p>c) 100% din costul total al serviciilor, dac\u0103 anularea este f\u0103cut\u0103 cu mai pu\u021bin de 20 zile lucr\u0103toare \u00eenaintea \u00eenceperii activit\u0103\u021bii;<\/p>\n<p>Dac\u0103 ave\u021bi \u00eentreb\u0103ri sau observa\u021bii, v\u0103 rog s\u0103 m\u0103 <a href=\"http:\/\/mountainleader.ro\/ro\/contact\/\">Contact<\/a>.<\/p>","protected":false},"excerpt":{"rendered":"<p>Booking I strongly recommend you booking your holiday as soon as possible, because I am working on principle &#8220;First come, first served!&#8221;. Please, read carefully all information about the tour, including the kit list, and make a realistic assessment of your capabilities. If you decide &hellip; <\/p>","protected":false},"author":1,"featured_media":791,"parent":0,"menu_order":0,"comment_status":"closed","ping_status":"closed","template":"","meta":{"footnotes":""},"class_list":["post-10","page","type-page","status-publish","has-post-thumbnail","hentry","latest_post"],"yoast_head":"<!-- This site is optimized with the Yoast SEO plugin v27.3 - https:\/\/yoast.com\/product\/yoast-seo-wordpress\/ -->\n<title>Terms and Conditions applicable to all my trips - Romanian Mountain Leader<\/title>\n<meta name=\"description\" content=\"The terms and conditions are put in place to help you understanding what is the normal way for planning and running my trips.\" \/>\n<meta name=\"robots\" content=\"index, follow, max-snippet:-1, max-image-preview:large, max-video-preview:-1\" \/>\n<link rel=\"canonical\" href=\"https:\/\/mountainleader.ro\/ro\/terms-and-conditions\/\" \/>\n<meta property=\"og:locale\" content=\"ro_RO\" \/>\n<meta property=\"og:type\" content=\"article\" \/>\n<meta property=\"og:title\" content=\"Terms and Conditions applicable to all my trips - Romanian Mountain Leader\" \/>\n<meta property=\"og:description\" content=\"The terms and conditions are put in place to help you understanding what is the normal way for planning and running my trips.\" \/>\n<meta property=\"og:url\" content=\"https:\/\/mountainleader.ro\/ro\/terms-and-conditions\/\" \/>\n<meta property=\"og:site_name\" content=\"Romanian Mountain Leader\" \/>\n<meta property=\"article:publisher\" content=\"https:\/\/www.facebook.com\/RMLGuidedToursNew\" \/>\n<meta property=\"article:modified_time\" content=\"2020-06-20T08:45:19+00:00\" \/>\n<meta property=\"og:image\" content=\"https:\/\/mountainleader.ro\/wp-content\/uploads\/2018\/09\/terms-conditions-e1559737314923.jpg\" \/>\n\t<meta property=\"og:image:width\" content=\"400\" \/>\n\t<meta property=\"og:image:height\" content=\"167\" \/>\n\t<meta property=\"og:image:type\" content=\"image\/jpeg\" \/>\n<meta name=\"twitter:card\" content=\"summary_large_image\" \/>\n<meta name=\"twitter:site\" content=\"@RMLGuidedTours\" \/>\n<meta name=\"twitter:label1\" content=\"Timp estimat pentru citire\" \/>\n\t<meta name=\"twitter:data1\" content=\"3 minute\" \/>\n<!-- \/ Yoast SEO plugin. -->","yoast_head_json":{"title":"Terms and Conditions applicable to all my trips - Romanian Mountain Leader","description":"The terms and conditions are put in place to help you understanding what is the normal way for planning and running my trips.","robots":{"index":"index","follow":"follow","max-snippet":"max-snippet:-1","max-image-preview":"max-image-preview:large","max-video-preview":"max-video-preview:-1"},"canonical":"https:\/\/mountainleader.ro\/ro\/terms-and-conditions\/","og_locale":"ro_RO","og_type":"article","og_title":"Terms and Conditions applicable to all my trips - Romanian Mountain Leader","og_description":"The terms and conditions are put in place to help you understanding what is the normal way for planning and running my trips.","og_url":"https:\/\/mountainleader.ro\/ro\/terms-and-conditions\/","og_site_name":"Romanian Mountain Leader","article_publisher":"https:\/\/www.facebook.com\/RMLGuidedToursNew","article_modified_time":"2020-06-20T08:45:19+00:00","og_image":[{"width":400,"height":167,"url":"https:\/\/mountainleader.ro\/wp-content\/uploads\/2018\/09\/terms-conditions-e1559737314923.jpg","type":"image\/jpeg"}],"twitter_card":"summary_large_image","twitter_site":"@RMLGuidedTours","twitter_misc":{"Timp estimat pentru citire":"3 minute"},"schema":{"@context":"https:\/\/schema.org","@graph":[{"@type":"WebPage","@id":"https:\/\/mountainleader.ro\/terms-and-conditions\/","url":"https:\/\/mountainleader.ro\/terms-and-conditions\/","name":"Terms and Conditions applicable to all my trips - Romanian Mountain Leader","isPartOf":{"@id":"https:\/\/mountainleader.ro\/#website"},"primaryImageOfPage":{"@id":"https:\/\/mountainleader.ro\/terms-and-conditions\/#primaryimage"},"image":{"@id":"https:\/\/mountainleader.ro\/terms-and-conditions\/#primaryimage"},"thumbnailUrl":"https:\/\/mountainleader.ro\/wp-content\/uploads\/2018\/09\/terms-conditions-e1559737314923.jpg","datePublished":"2018-02-16T15:29:11+00:00","dateModified":"2020-06-20T08:45:19+00:00","description":"The terms and conditions are put in place to help you understanding what is the normal way for planning and running my trips.","breadcrumb":{"@id":"https:\/\/mountainleader.ro\/terms-and-conditions\/#breadcrumb"},"inLanguage":"ro-RO","potentialAction":[{"@type":"ReadAction","target":["https:\/\/mountainleader.ro\/terms-and-conditions\/"]}]},{"@type":"ImageObject","inLanguage":"ro-RO","@id":"https:\/\/mountainleader.ro\/terms-and-conditions\/#primaryimage","url":"https:\/\/mountainleader.ro\/wp-content\/uploads\/2018\/09\/terms-conditions-e1559737314923.jpg","contentUrl":"https:\/\/mountainleader.ro\/wp-content\/uploads\/2018\/09\/terms-conditions-e1559737314923.jpg","width":400,"height":167,"caption":"terms and conditions"},{"@type":"BreadcrumbList","@id":"https:\/\/mountainleader.ro\/terms-and-conditions\/#breadcrumb","itemListElement":[{"@type":"ListItem","position":1,"name":"Home","item":"https:\/\/mountainleader.ro\/"},{"@type":"ListItem","position":2,"name":"Terms and Conditions"}]},{"@type":"WebSite","@id":"https:\/\/mountainleader.ro\/#website","url":"https:\/\/mountainleader.ro\/","name":"RML Guided Tours","description":"Guided tours in Romania and abroad: hiking, sightseeing, via ferrata, snowshoeing!","publisher":{"@id":"https:\/\/mountainleader.ro\/#organization"},"potentialAction":[{"@type":"SearchAction","target":{"@type":"EntryPoint","urlTemplate":"https:\/\/mountainleader.ro\/?s={search_term_string}"},"query-input":{"@type":"PropertyValueSpecification","valueRequired":true,"valueName":"search_term_string"}}],"inLanguage":"ro-RO"},{"@type":"Organization","@id":"https:\/\/mountainleader.ro\/#organization","name":"Bana Florin George PFA","url":"https:\/\/mountainleader.ro\/","logo":{"@type":"ImageObject","inLanguage":"ro-RO","@id":"https:\/\/mountainleader.ro\/#\/schema\/logo\/image\/","url":"https:\/\/mountainleader.ro\/wp-content\/uploads\/2020\/01\/RML-Guided-Tours-scaled.jpg","contentUrl":"https:\/\/mountainleader.ro\/wp-content\/uploads\/2020\/01\/RML-Guided-Tours-scaled.jpg","width":2048,"height":2048,"caption":"Bana Florin George PFA"},"image":{"@id":"https:\/\/mountainleader.ro\/#\/schema\/logo\/image\/"},"sameAs":["https:\/\/www.facebook.com\/RMLGuidedToursNew","https:\/\/x.com\/RMLGuidedTours","https:\/\/www.instagram.com\/rml_guided_tours\/"]}]}},"_links":{"self":[{"href":"https:\/\/mountainleader.ro\/ro\/wp-json\/wp\/v2\/pages\/10","targetHints":{"allow":["GET"]}}],"collection":[{"href":"https:\/\/mountainleader.ro\/ro\/wp-json\/wp\/v2\/pages"}],"about":[{"href":"https:\/\/mountainleader.ro\/ro\/wp-json\/wp\/v2\/types\/page"}],"author":[{"embeddable":true,"href":"https:\/\/mountainleader.ro\/ro\/wp-json\/wp\/v2\/users\/1"}],"replies":[{"embeddable":true,"href":"https:\/\/mountainleader.ro\/ro\/wp-json\/wp\/v2\/comments?post=10"}],"version-history":[{"count":0,"href":"https:\/\/mountainleader.ro\/ro\/wp-json\/wp\/v2\/pages\/10\/revisions"}],"wp:featuredmedia":[{"embeddable":true,"href":"https:\/\/mountainleader.ro\/ro\/wp-json\/wp\/v2\/media\/791"}],"wp:attachment":[{"href":"https:\/\/mountainleader.ro\/ro\/wp-json\/wp\/v2\/media?parent=10"}],"curies":[{"name":"wp","href":"https:\/\/api.w.org\/{rel}","templated":true}]}}